{"id":36,"date":"2024-06-02T04:28:29","date_gmt":"2024-06-02T04:28:29","guid":{"rendered":"https:\/\/mispequenosgigantes.edu.co\/?page_id=36"},"modified":"2026-02-22T23:52:10","modified_gmt":"2026-02-22T23:52:10","slug":"adimisiones","status":"publish","type":"page","link":"https:\/\/mispequenosgigantes.edu.co\/index.php\/adimisiones\/","title":{"rendered":"Adimisiones"},"content":{"rendered":"<p>[et_pb_section fb_built=\u00bb1&#8243; _builder_version=\u00bb4.27.5&#8243; _module_preset=\u00bbdefault\u00bb background_color=\u00bbrgba(255,255,255,0.42)\u00bb background_enable_mask_style=\u00bbon\u00bb background_mask_color=\u00bbrgba(234,234,199,0.53)\u00bb custom_padding=\u00bb||0px|||\u00bb hover_enabled=\u00bb0&#8243; global_colors_info=\u00bb{}\u00bb theme_builder_area=\u00bbpost_content\u00bb sticky_enabled=\u00bb0&#8243;][et_pb_row column_structure=\u00bb1_2,1_2&#8243; _builder_version=\u00bb4.27.5&#8243; _module_preset=\u00bbdefault\u00bb global_colors_info=\u00bb{}\u00bb theme_builder_area=\u00bbpost_content\u00bb][et_pb_column type=\u00bb1_2&#8243; _builder_version=\u00bb4.27.5&#8243; _module_preset=\u00bbdefault\u00bb global_colors_info=\u00bb{}\u00bb theme_builder_area=\u00bbpost_content\u00bb][et_pb_text _builder_version=\u00bb4.27.5&#8243; _module_preset=\u00bbdefault\u00bb text_text_color=\u00bb#2E3A59&#8243; text_font_size=\u00bb22px\u00bb global_colors_info=\u00bb{}\u00bb theme_builder_area=\u00bbpost_content\u00bb custom_margin=\u00bb|||-132px||\u00bb]<\/p>\n<h1>Educamos con amor, para un futuro brillante<\/h1>\n<p><strong>En el Jard\u00edn Infantil\u00a0 y sala maternal Mis Peque\u00f1os Gigantes<\/strong>, brindamos a la comunidad una educaci\u00f3n de calidad para ni\u00f1os en edad preescolar, desde sala cuna hasta transici\u00f3n. Nuestro objetivo es formar ni\u00f1os felices, seguros y preparados para enfrentar los retos del futuro.<\/p>\n<p>[\/et_pb_text][\/et_pb_column][et_pb_column type=\u00bb1_2&#8243; _builder_version=\u00bb4.27.5&#8243; _module_preset=\u00bbdefault\u00bb global_colors_info=\u00bb{}\u00bb theme_builder_area=\u00bbpost_content\u00bb][et_pb_image src=\u00bbhttps:\/\/mispequenosgigantes.edu.co\/wp-content\/uploads\/2024\/06\/IMG_9320-1-scaled.jpg\u00bb title_text=\u00bbIMG_9320 (1)\u00bb _builder_version=\u00bb4.27.5&#8243; _module_preset=\u00bbdefault\u00bb background_color=\u00bbRGBA(255,255,255,0)\u00bb module_alignment=\u00bbright\u00bb height=\u00bb279px\u00bb custom_margin=\u00bb||-46px|198px||\u00bb custom_padding=\u00bb|||68px||\u00bb global_colors_info=\u00bb{}\u00bb theme_builder_area=\u00bbpost_content\u00bb][\/et_pb_image][\/et_pb_column][\/et_pb_row][\/et_pb_section][et_pb_section fb_built=\u00bb1&#8243; _builder_version=\u00bb4.27.5&#8243; _module_preset=\u00bbdefault\u00bb background_color=\u00bbrgba(234,234,199,0.72)\u00bb min_height=\u00bb151.9px\u00bb custom_margin=\u00bb0px|||||\u00bb custom_padding=\u00bb15px|||||\u00bb hover_enabled=\u00bb0&#8243; global_colors_info=\u00bb{}\u00bb theme_builder_area=\u00bbpost_content\u00bb sticky_enabled=\u00bb0&#8243;][et_pb_row _builder_version=\u00bb4.27.5&#8243; _module_preset=\u00bbdefault\u00bb hover_enabled=\u00bb0&#8243; global_colors_info=\u00bb{}\u00bb theme_builder_area=\u00bbpost_content\u00bb custom_margin=\u00bb|auto||160px|false|false\u00bb sticky_enabled=\u00bb0&#8243;][et_pb_column type=\u00bb4_4&#8243; _builder_version=\u00bb4.27.5&#8243; _module_preset=\u00bbdefault\u00bb global_colors_info=\u00bb{}\u00bb theme_builder_area=\u00bbpost_content\u00bb][et_pb_text _builder_version=\u00bb4.27.5&#8243; _module_preset=\u00bbdefault\u00bb text_text_color=\u00bb#2E3A59&#8243; text_font_size=\u00bb22px\u00bb width=\u00bb100%\u00bb global_colors_info=\u00bb{}\u00bb theme_builder_area=\u00bbpost_content\u00bb]<\/p>\n<p><strong>M\u00e1s que un jard\u00edn infantil, somos un segundo hogar<\/strong> donde cada ni\u00f1o es recibido con cari\u00f1o y atenci\u00f3n personalizada. Creemos en la importancia de la educaci\u00f3n temprana como base fundamental para el desarrollo integral de los m\u00e1s peque\u00f1os. Por eso, nuestro equipo de docentes altamente capacitados y experimentados se dedica a crear un entorno seguro y estimulante donde los ni\u00f1os puedan aprender, jugar y crecer a su propio ritmo.<\/p>\n<p><strong>En el Jard\u00edn Infantil\u00a0 y sala maternal Mis Peque\u00f1os Gigantes, estamos comprometidos con la educaci\u00f3n integral de los ni\u00f1os.<\/strong> Creemos que cada uno de ellos tiene un potencial \u00fanico que debe ser desarrollado al m\u00e1ximo. Por eso, trabajamos d\u00eda a d\u00eda para brindarles las herramientas y el apoyo que necesitan para convertirse en personas felices, exitosas y responsables.<\/p>\n<p>[\/et_pb_text][\/et_pb_column][\/et_pb_row][et_pb_row _builder_version=\u00bb4.27.5&#8243; _module_preset=\u00bbdefault\u00bb global_colors_info=\u00bb{}\u00bb theme_builder_area=\u00bbpost_content\u00bb][et_pb_column type=\u00bb4_4&#8243; _builder_version=\u00bb4.27.5&#8243; _module_preset=\u00bbdefault\u00bb global_colors_info=\u00bb{}\u00bb theme_builder_area=\u00bbpost_content\u00bb][et_pb_gallery gallery_ids=\u00bb440,441,442,443,448,439,438,437&#8243; gallery_orderby=\u00bbrand\u00bb fullwidth=\u00bbon\u00bb _builder_version=\u00bb4.27.5&#8243; _module_preset=\u00bbdefault\u00bb width=\u00bb61%\u00bb max_width=\u00bb100%\u00bb module_alignment=\u00bbcenter\u00bb custom_padding=\u00bb||0px|||\u00bb global_colors_info=\u00bb{}\u00bb theme_builder_area=\u00bbpost_content\u00bb][\/et_pb_gallery][\/et_pb_column][\/et_pb_row][et_pb_row _builder_version=\u00bb4.27.5&#8243; _module_preset=\u00bbdefault\u00bb global_colors_info=\u00bb{}\u00bb theme_builder_area=\u00bbpost_content\u00bb][et_pb_column type=\u00bb4_4&#8243; _builder_version=\u00bb4.27.5&#8243; _module_preset=\u00bbdefault\u00bb global_colors_info=\u00bb{}\u00bb theme_builder_area=\u00bbpost_content\u00bb][et_pb_heading title=\u00bbRequisitos de admisi\u00f3n\u00bb _builder_version=\u00bb4.27.5&#8243; _module_preset=\u00bbdefault\u00bb title_font=\u00bb|800|||||||\u00bb title_text_align=\u00bbleft\u00bb title_text_color=\u00bb#FF8A65&#8243; title_font_size=\u00bb32px\u00bb hover_enabled=\u00bb0&#8243; title_text_shadow_style=\u00bbpreset2&#8243; global_colors_info=\u00bb{}\u00bb theme_builder_area=\u00bbpost_content\u00bb sticky_enabled=\u00bb0&#8243;][\/et_pb_heading][\/et_pb_column][\/et_pb_row][et_pb_row _builder_version=\u00bb4.27.5&#8243; _module_preset=\u00bbdefault\u00bb global_colors_info=\u00bb{}\u00bb theme_builder_area=\u00bbpost_content\u00bb][et_pb_column type=\u00bb4_4&#8243; _builder_version=\u00bb4.27.5&#8243; _module_preset=\u00bbdefault\u00bb global_colors_info=\u00bb{}\u00bb theme_builder_area=\u00bbpost_content\u00bb][et_pb_text _builder_version=\u00bb4.27.5&#8243; _module_preset=\u00bbdefault\u00bb text_text_color=\u00bb#2E3A59&#8243; text_font_size=\u00bb22px\u00bb global_colors_info=\u00bb{}\u00bb theme_builder_area=\u00bbpost_content\u00bb]<\/p>\n<ul>\n<li><strong>Diligenciar el formulario de inscripci\u00f3n Se encuentra en el siguiente enlace\u00a0<em><a href=\"https:\/\/mispequenosgigantes.edu.co\/wp-content\/uploads\/2024\/06\/HOJA-DE-MATRICULA-2023.pdf\" target=\"_blank\" rel=\"noopener\">formulario.<\/a><\/em><\/strong><\/li>\n<li><strong>Copia del registro civil de nacimiento o tarjeta de identidad del ni\u00f1o.<\/strong><\/li>\n<li><strong>Copia del carnet de vacunas del ni\u00f1o.<\/strong><\/li>\n<li><strong>Copia del carnet de E.P.S. del ni\u00f1o.<\/strong><\/li>\n<li><strong>Cancelar los costos de inscripci\u00f3n.<\/strong><\/li>\n<li><strong>3 fotograf\u00edas de 3X4 fondo azul del ni\u00f1o.<\/strong><\/li>\n<\/ul>\n<p>[\/et_pb_text][\/et_pb_column][\/et_pb_row][et_pb_row _builder_version=\u00bb4.27.5&#8243; _module_preset=\u00bbdefault\u00bb hover_enabled=\u00bb0&#8243; global_colors_info=\u00bb{}\u00bb theme_builder_area=\u00bbpost_content\u00bb sticky_enabled=\u00bb0&#8243;][et_pb_column type=\u00bb4_4&#8243; _builder_version=\u00bb4.27.5&#8243; _module_preset=\u00bbdefault\u00bb global_colors_info=\u00bb{}\u00bb theme_builder_area=\u00bbpost_content\u00bb][et_pb_heading _builder_version=\u00bb4.27.5&#8243; _module_preset=\u00bbdefault\u00bb title_font=\u00bb|800|||||||\u00bb title_text_align=\u00bbleft\u00bb title_text_color=\u00bb#FF8A65&#8243; title_font_size=\u00bb32px\u00bb hover_enabled=\u00bb0&#8243; title_text_shadow_style=\u00bbpreset2&#8243; global_colors_info=\u00bb{}\u00bb theme_builder_area=\u00bbpost_content\u00bb title=\u00bbCostos y tarifas\u00bb sticky_enabled=\u00bb0&#8243;][\/et_pb_heading][et_pb_code _builder_version=\u00bb4.27.5&#8243; _module_preset=\u00bbdefault\u00bb global_colors_info=\u00bb{}\u00bb theme_builder_area=\u00bbpost_content\u00bb]\n<table id=\"tablepress-3\" class=\"tablepress tablepress-id-3\">\n<thead>\n<tr class=\"row-1\">\n\t<th class=\"column-1\">Nivel<\/th><th class=\"column-2\">Matricula anual<\/th><th class=\"column-3\">Pensi\u00f3n mensual<\/th><th class=\"column-4\">Seguro estudiantil anual<\/th><th class=\"column-5\">Carnet estudiantil anual<\/th>\n<\/tr>\n<\/thead>\n<tbody class=\"row-striping row-hover\">\n<tr class=\"row-2\">\n\t<td class=\"column-1\">Preescolar<\/td><td class=\"column-2\">$250.000<\/td><td class=\"column-3\">$170.000<\/td><td class=\"column-4\">$10.000<\/td><td class=\"column-5\">$10.000<\/td>\n<\/tr>\n<\/tbody>\n<\/table>\n<!-- #tablepress-3 from cache -->[\/et_pb_code][\/et_pb_column][\/et_pb_row][et_pb_row _builder_version=\u00bb4.27.5&#8243; _module_preset=\u00bbdefault\u00bb global_colors_info=\u00bb{}\u00bb theme_builder_area=\u00bbpost_content\u00bb][et_pb_column type=\u00bb4_4&#8243; _builder_version=\u00bb4.27.5&#8243; _module_preset=\u00bbdefault\u00bb global_colors_info=\u00bb{}\u00bb theme_builder_area=\u00bbpost_content\u00bb][et_pb_heading _builder_version=\u00bb4.27.5&#8243; _module_preset=\u00bbdefault\u00bb title_font=\u00bb|800|||||||\u00bb title_text_align=\u00bbleft\u00bb title_text_color=\u00bb#FF8A65&#8243; title_font_size=\u00bb32px\u00bb hover_enabled=\u00bb0&#8243; title_text_shadow_style=\u00bbpreset2&#8243; global_colors_info=\u00bb{}\u00bb theme_builder_area=\u00bbpost_content\u00bb title=\u00bbUniforme\u00bb sticky_enabled=\u00bb0&#8243; custom_margin=\u00bb||-4px|||\u00bb][\/et_pb_heading][\/et_pb_column][\/et_pb_row][et_pb_row _builder_version=\u00bb4.27.5&#8243; _module_preset=\u00bbdefault\u00bb theme_builder_area=\u00bbpost_content\u00bb][et_pb_column _builder_version=\u00bb4.27.5&#8243; _module_preset=\u00bbdefault\u00bb type=\u00bb4_4&#8243; theme_builder_area=\u00bbpost_content\u00bb][et_pb_code _builder_version=\u00bb4.27.5&#8243; _module_preset=\u00bbdefault\u00bb theme_builder_area=\u00bbpost_content\u00bb hover_enabled=\u00bb0&#8243; sticky_enabled=\u00bb0&#8243;]\n<table id=\"tablepress-2\" class=\"tablepress tablepress-id-2\">\n<thead>\n<tr class=\"row-1\">\n\t<th class=\"column-1\">           Uniformes<\/th><th class=\"column-2\">               Buzo<\/th>\n<\/tr>\n<\/thead>\n<tbody class=\"row-striping row-hover\">\n<tr class=\"row-2\">\n\t<td class=\"column-1\">$185.000<\/td><td class=\"column-2\">$65.000<\/td>\n<\/tr>\n<\/tbody>\n<\/table>\n<!-- #tablepress-2 from cache -->[\/et_pb_code][\/et_pb_column][\/et_pb_row][\/et_pb_section]<\/p>\n","protected":false},"excerpt":{"rendered":"<p>Educamos con amor, para un futuro brillante En el Jard\u00edn Infantil\u00a0 y sala maternal Mis Peque\u00f1os Gigantes, brindamos a la comunidad una educaci\u00f3n de calidad para ni\u00f1os en edad preescolar, desde sala cuna hasta transici\u00f3n. Nuestro objetivo es formar ni\u00f1os felices, seguros y preparados para enfrentar los retos del futuro.M\u00e1s que un jard\u00edn infantil, somos [&hellip;]<\/p>\n","protected":false},"author":1,"featured_media":0,"parent":0,"menu_order":0,"comment_status":"closed","ping_status":"closed","template":"","meta":{"_et_pb_use_builder":"on","_et_pb_old_content":"<h1>\nEducamos con amor, para un futuro brillante<\/h1>\t\t\t\t\n\t\t<p><strong>En el Jard\u00edn Infantil\u00a0 y sala maternal Mis Peque\u00f1os Gigantes<\/strong>, brindamos a la comunidad una educaci\u00f3n de calidad para ni\u00f1os en edad preescolar, desde sala cuna hasta transici\u00f3n. Nuestro objetivo es formar ni\u00f1os felices, seguros y preparados para enfrentar los retos del futuro.<\/p>\t\t\n\t\t\t\t\t\t\t\t\t\t\t\t\t\t\t<img width=\"640\" height=\"427\" src=\"https:\/\/mispequenosgigantes.edu.co\/wp-content\/uploads\/2024\/06\/IMG_9320-1-2048x1365.jpg\" alt=\"\" srcset=\"https:\/\/mispequenosgigantes.edu.co\/wp-content\/uploads\/2024\/06\/IMG_9320-1-2048x1365.jpg 2048w, https:\/\/mispequenosgigantes.edu.co\/wp-content\/uploads\/2024\/06\/IMG_9320-1-300x200.jpg 300w, https:\/\/mispequenosgigantes.edu.co\/wp-content\/uploads\/2024\/06\/IMG_9320-1-1024x683.jpg 1024w, https:\/\/mispequenosgigantes.edu.co\/wp-content\/uploads\/2024\/06\/IMG_9320-1-768x512.jpg 768w, https:\/\/mispequenosgigantes.edu.co\/wp-content\/uploads\/2024\/06\/IMG_9320-1-1536x1024.jpg 1536w\" sizes=\"(max-width: 640px) 100vw, 640px\" \/>\t\t\t\t\t\t\t\t\t\t\t\t\t\t\t\n\t\t\t\t\t\t\t\t\t\t\t\t\t\t\t<img width=\"175\" height=\"230\" src=\"https:\/\/mispequenosgigantes.edu.co\/wp-content\/uploads\/2024\/06\/347230973_615891147118032_2504055666743746738_n-175x230.jpg\" alt=\"\" \/>\t\t\t\t\t\t\t\t\t\t\t\t\t\t\t\n\t\t<p><strong>M\u00e1s que un jard\u00edn infantil, somos un segundo hogar<\/strong> donde cada ni\u00f1o es recibido con cari\u00f1o y atenci\u00f3n personalizada. Creemos en la importancia de la educaci\u00f3n temprana como base fundamental para el desarrollo integral de los m\u00e1s peque\u00f1os. Por eso, nuestro equipo de docentes altamente capacitados y experimentados se dedica a crear un entorno seguro y estimulante donde los ni\u00f1os puedan aprender, jugar y crecer a su propio ritmo.<\/p><p><strong>En el Jard\u00edn Infantil\u00a0 y sala maternal Mis Peque\u00f1os Gigantes, estamos comprometidos con la educaci\u00f3n integral de los ni\u00f1os.<\/strong> Creemos que cada uno de ellos tiene un potencial \u00fanico que debe ser desarrollado al m\u00e1ximo. Por eso, trabajamos d\u00eda a d\u00eda para brindarles las herramientas y el apoyo que necesitan para convertirse en personas felices, exitosas y responsables.<\/p>\t\t\n\t\t\t\t\t\t\t\t<figure><img src=\"https:\/\/mispequenosgigantes.edu.co\/wp-content\/uploads\/2024\/06\/IMG_9286-1-2-150x150.jpg\" alt=\"IMG_9286 (1)\" \/><\/figure><figure><img src=\"https:\/\/mispequenosgigantes.edu.co\/wp-content\/uploads\/2024\/06\/IMG_9326-1-150x150.jpg\" alt=\"IMG_9326 (1)\" \/><\/figure><figure><img src=\"https:\/\/mispequenosgigantes.edu.co\/wp-content\/uploads\/2024\/06\/IMG_9327-1-150x150.jpg\" alt=\"IMG_9327 (1)\" \/><\/figure><figure><img src=\"https:\/\/mispequenosgigantes.edu.co\/wp-content\/uploads\/2024\/06\/IMG_9333-1-150x150.jpg\" alt=\"IMG_9333 (1)\" \/><\/figure>\t\t\t\n\t\t\t\t\t\t<svg aria-hidden=\"true\" viewBox=\"0 0 1000 1000\" xmlns=\"http:\/\/www.w3.org\/2000\/svg\"><path d=\"M646 125C629 125 613 133 604 142L308 442C296 454 292 471 292 487 292 504 296 521 308 533L604 854C617 867 629 875 646 875 663 875 679 871 692 858 704 846 713 829 713 812 713 796 708 779 692 767L438 487 692 225C700 217 708 204 708 187 708 171 704 154 692 142 675 129 663 125 646 125Z\"><\/path><\/svg>\t\t\t\t\t\n\t\t\t\t\t\t<svg aria-hidden=\"true\" viewBox=\"0 0 1000 1000\" xmlns=\"http:\/\/www.w3.org\/2000\/svg\"><path d=\"M696 533C708 521 713 504 713 487 713 471 708 454 696 446L400 146C388 133 375 125 354 125 338 125 325 129 313 142 300 154 292 171 292 187 292 204 296 221 308 233L563 492 304 771C292 783 288 800 288 817 288 833 296 850 308 863 321 871 338 875 354 875 371 875 388 867 400 854L696 533Z\"><\/path><\/svg>\t\t\t\t\t\n\t\t<ul><li><strong>Diligenciar el formulario de inscripci\u00f3n.\u00a0<\/strong> Se encuentra en el siguiente enlace<strong>:\u00a0<em><a href=\"https:\/\/mispequenosgigantes.edu.co\/wp-content\/uploads\/2024\/06\/HOJA-DE-MATRICULA-2023.pdf\" target=\"_blank\" rel=\"noopener\">formulario.<\/a><\/em><\/strong><\/li><li><strong>Copia del registro civil de nacimiento o tarjeta de identidad del ni\u00f1o.<\/strong><\/li><li><strong>Copia del carnet de vacunas del ni\u00f1o.<\/strong><\/li><li><strong>Copia del carnet de E.P.S. del ni\u00f1o.<\/strong><\/li><li><strong>Cancelar los costos de inscripci\u00f3n.<\/strong><\/li><li><strong>3 fotograf\u00edas de 3X4 fondo azul del ni\u00f1o.<\/strong><\/li><\/ul>\t\t\n\t\t\t\t\t<h2>\nRequisitos de admisi\u00f3n<\/h2>\t\t\t\t\n\t\t\t\t\t\t\t\t\t\t\t\t\t\t\t<img width=\"640\" height=\"427\" src=\"https:\/\/mispequenosgigantes.edu.co\/wp-content\/uploads\/2024\/06\/IMG_9323-1-1024x683.jpg\" alt=\"\" srcset=\"https:\/\/mispequenosgigantes.edu.co\/wp-content\/uploads\/2024\/06\/IMG_9323-1-1024x683.jpg 1024w, https:\/\/mispequenosgigantes.edu.co\/wp-content\/uploads\/2024\/06\/IMG_9323-1-300x200.jpg 300w, https:\/\/mispequenosgigantes.edu.co\/wp-content\/uploads\/2024\/06\/IMG_9323-1-768x512.jpg 768w, https:\/\/mispequenosgigantes.edu.co\/wp-content\/uploads\/2024\/06\/IMG_9323-1-1536x1024.jpg 1536w, https:\/\/mispequenosgigantes.edu.co\/wp-content\/uploads\/2024\/06\/IMG_9323-1-2048x1365.jpg 2048w\" sizes=\"(max-width: 640px) 100vw, 640px\" \/>\t\t\t\t\t\t\t\t\t\t\t\t\t\t\t\n\t\t\t\t\t<h2>Costos y tarifas<\/h2>\t\t\t\t\n\t\t[table id=1 \/]\t\t\n\t\t\t\t\t<h2>Uniforme<\/h2>\t\t\t\t\n\t\t[table id=2 \/]","_et_gb_content_width":"","footnotes":""},"class_list":["post-36","page","type-page","status-publish","hentry"],"_links":{"self":[{"href":"https:\/\/mispequenosgigantes.edu.co\/index.php\/wp-json\/wp\/v2\/pages\/36","targetHints":{"allow":["GET"]}}],"collection":[{"href":"https:\/\/mispequenosgigantes.edu.co\/index.php\/wp-json\/wp\/v2\/pages"}],"about":[{"href":"https:\/\/mispequenosgigantes.edu.co\/index.php\/wp-json\/wp\/v2\/types\/page"}],"author":[{"embeddable":true,"href":"https:\/\/mispequenosgigantes.edu.co\/index.php\/wp-json\/wp\/v2\/users\/1"}],"replies":[{"embeddable":true,"href":"https:\/\/mispequenosgigantes.edu.co\/index.php\/wp-json\/wp\/v2\/comments?post=36"}],"version-history":[{"count":48,"href":"https:\/\/mispequenosgigantes.edu.co\/index.php\/wp-json\/wp\/v2\/pages\/36\/revisions"}],"predecessor-version":[{"id":1620,"href":"https:\/\/mispequenosgigantes.edu.co\/index.php\/wp-json\/wp\/v2\/pages\/36\/revisions\/1620"}],"wp:attachment":[{"href":"https:\/\/mispequenosgigantes.edu.co\/index.php\/wp-json\/wp\/v2\/media?parent=36"}],"curies":[{"name":"wp","href":"https:\/\/api.w.org\/{rel}","templated":true}]}}