{"id":11,"date":"2024-06-02T04:10:04","date_gmt":"2024-06-02T04:10:04","guid":{"rendered":"https:\/\/mispequenosgigantes.edu.co\/?page_id=11"},"modified":"2026-05-02T21:58:31","modified_gmt":"2026-05-02T21:58:31","slug":"bienvenidos","status":"publish","type":"page","link":"https:\/\/mispequenosgigantes.edu.co\/","title":{"rendered":"Bienvenidos"},"content":{"rendered":"<p>[et_pb_section fb_built=\u00bb1&#8243; fullwidth=\u00bbon\u00bb _builder_version=\u00bb4.27.5&#8243; _module_preset=\u00bbdefault\u00bb custom_padding=\u00bb|0px||||\u00bb global_colors_info=\u00bb{}\u00bb theme_builder_area=\u00bbpost_content\u00bb][et_pb_fullwidth_post_slider include_categories=\u00bb1&#8243; show_meta=\u00bboff\u00bb _builder_version=\u00bb4.27.6&#8243; _module_preset=\u00bbdefault\u00bb header_level=\u00bbh1&#8243; header_font=\u00bbAcme|700|||||||\u00bb header_text_align=\u00bbleft\u00bb body_font=\u00bb|700|||||||\u00bb body_text_align=\u00bbcenter\u00bb meta_text_align=\u00bbcenter\u00bb custom_button=\u00bbon\u00bb button_border_radius=\u00bb19px\u00bb button_icon=\u00bb&#x3d;||divi||400&#8243; button_on_hover=\u00bboff\u00bb button_alignment=\u00bbright\u00bb button_custom_margin=\u00bb-37px||17px||false|false\u00bb button_custom_margin_tablet=\u00bb-37px||17px||false|false\u00bb button_custom_margin_phone=\u00bb-43px||4px||false|false\u00bb button_custom_margin_last_edited=\u00bbon|phone\u00bb button_custom_padding=\u00bb0px||7px||false|false\u00bb button_custom_padding_tablet=\u00bb0px||7px||false|false\u00bb button_custom_padding_phone=\u00bb0px||0px||false|false\u00bb button_custom_padding_last_edited=\u00bbon|phone\u00bb width=\u00bb90%\u00bb width_tablet=\u00bb100%\u00bb width_phone=\u00bb100%\u00bb width_last_edited=\u00bbon|phone\u00bb max_width=\u00bb92%\u00bb max_width_tablet=\u00bb53%\u00bb max_width_phone=\u00bb58%\u00bb max_width_last_edited=\u00bbon|tablet\u00bb module_alignment=\u00bbcenter\u00bb content_width=\u00bb100%\u00bb content_max_width=\u00bb61%\u00bb height=\u00bb50%\u00bb max_height=\u00bb50%\u00bb custom_margin=\u00bb||||false|false\u00bb custom_padding=\u00bb4px|0px|125px|0px|false|false\u00bb custom_padding_tablet=\u00bb|0px|0px|0px||\u00bb custom_padding_phone=\u00bb|||3px|false|false\u00bb custom_padding_last_edited=\u00bbon|phone\u00bb hover_enabled=\u00bb0&#8243; module_alignment_tablet=\u00bbcenter\u00bb module_alignment_phone=\u00bbcenter\u00bb module_alignment_last_edited=\u00bbon|phone\u00bb header_text_shadow_style=\u00bbpreset2&#8243; box_shadow_style_button=\u00bbpreset1&#8243; global_colors_info=\u00bb{}\u00bb theme_builder_area=\u00bbpost_content\u00bb excerpt_length=\u00bb0&#8243; header_font_size=\u00bb38px\u00bb custom_css_free_form=\u00bb.titulo-slider {||  position: absolute;||  top: 10%;||  left: 50%;||  transform: translateX(-50%);||  text-align: center;||  width: 100%;||  z-index: 10;||}\u00bb sticky_enabled=\u00bb0&#8243;][\/et_pb_fullwidth_post_slider][\/et_pb_section][et_pb_section fb_built=\u00bb1&#8243; _builder_version=\u00bb4.27.6&#8243; _module_preset=\u00bbdefault\u00bb background_image=\u00bbhttps:\/\/mispequenosgigantes.edu.co\/wp-content\/uploads\/2026\/04\/fondo.png\u00bb parallax=\u00bbon\u00bb width=\u00bb100%\u00bb global_colors_info=\u00bb{}\u00bb theme_builder_area=\u00bbpost_content\u00bb][et_pb_row column_structure=\u00bb1_2,1_2&#8243; _builder_version=\u00bb4.27.6&#8243; _module_preset=\u00bbdefault\u00bb global_colors_info=\u00bb{}\u00bb theme_builder_area=\u00bbpost_content\u00bb][et_pb_column type=\u00bb1_2&#8243; _builder_version=\u00bb4.27.6&#8243; _module_preset=\u00bbdefault\u00bb background_image=\u00bbhttps:\/\/mispequenosgigantes.edu.co\/wp-content\/uploads\/2026\/02\/pngtree-cartoon-cloud-png-image_17161091.webp\u00bb parallax=\u00bbon\u00bb custom_padding=\u00bb5%||5%|5%|false|false\u00bb global_colors_info=\u00bb{}\u00bb theme_builder_area=\u00bbpost_content\u00bb][et_pb_heading title=\u00bb\u00a1Bienvenidos al Jardin infantil y Sala Maternal\u00bb _builder_version=\u00bb4.27.6&#8243; _module_preset=\u00bbdefault\u00bb title_font=\u00bbAcme|700|||||||\u00bb title_text_color=\u00bbrgba(80,104,237,0.87)\u00bb global_colors_info=\u00bb{}\u00bb theme_builder_area=\u00bbpost_content\u00bb][\/et_pb_heading][et_pb_heading title=\u00bbMis peque\u00f1os Gigantes!\u00bb _builder_version=\u00bb4.27.6&#8243; _module_preset=\u00bbdefault\u00bb title_level=\u00bbh2&#8243; title_font=\u00bbAcme|700|||||||\u00bb title_text_color=\u00bb#FF8A65&#8243; global_colors_info=\u00bb{}\u00bb theme_builder_area=\u00bbpost_content\u00bb][\/et_pb_heading][et_pb_text _builder_version=\u00bb4.27.6&#8243; _module_preset=\u00bbdefault\u00bb background_enable_color=\u00bboff\u00bb custom_margin=\u00bb5%||5%||false|false\u00bb custom_padding=\u00bb||||false|false\u00bb global_colors_info=\u00bb{}\u00bb theme_builder_area=\u00bbpost_content\u00bb]<\/p>\n<h6><strong>Donde cada d\u00eda es una aventura llena de aprendizaje y descubrimietor para los m\u00e1s peque\u00f1os.<\/strong><\/h6>\n<ul>\n<li>\n<h6><strong>Ambiente calido y seguro <\/strong><\/h6>\n<\/li>\n<li>\n<h6><strong>Equipo profesional apasionado e innovador<\/strong><\/h6>\n<\/li>\n<\/ul>\n<p>[\/et_pb_text][\/et_pb_column][et_pb_column type=\u00bb1_2&#8243; _builder_version=\u00bb4.27.6&#8243; _module_preset=\u00bbdefault\u00bb global_colors_info=\u00bb{}\u00bb theme_builder_area=\u00bbpost_content\u00bb][et_pb_image src=\u00bbhttps:\/\/mispequenosgigantes.edu.co\/wp-content\/uploads\/2024\/06\/JARDIN.jpg\u00bb title_text=\u00bbJARDIN\u00bb module_class=\u00bbtarjeta-servicio \u00bb _builder_version=\u00bb4.27.6&#8243; _module_preset=\u00bbdefault\u00bb custom_css_free_form=\u00bb.tarjeta-servicio {||  border-radius: 25px;||  overflow: hidden;||  background: #ffffff;||  box-shadow: 0 10px 30px rgba(0,0,0,0.08);||  transition: all 0.3s ease;||}\u00bb border_width_all=\u00bb10px\u00bb border_color_all=\u00bb#FFFFFF\u00bb global_colors_info=\u00bb{}\u00bb theme_builder_area=\u00bbpost_content\u00bb][\/et_pb_image][\/et_pb_column][\/et_pb_row][\/et_pb_section]<\/p>\n","protected":false},"excerpt":{"rendered":"<p>Donde cada d\u00eda es una aventura llena de aprendizaje y descubrimietor para los m\u00e1s peque\u00f1os. Ambiente calido y seguro Equipo profesional apasionado e innovador<\/p>\n","protected":false},"author":1,"featured_media":0,"parent":0,"menu_order":0,"comment_status":"closed","ping_status":"closed","template":"","meta":{"_et_pb_use_builder":"on","_et_pb_old_content":"<!-- wp:paragraph -->\r\n<p><style>\/*! elementor - v3.21.0 - 26-05-2024 *\/<br \/>\r\n.elementor-heading-title{padding:0;margin:0;line-height:1}.elementor-widget-heading .elementor-heading-title[class*=elementor-size-]>a{color:inherit;font-size:inherit;line-height:inherit}.elementor-widget-heading .elementor-heading-title.elementor-size-small{font-size:15px}.elementor-widget-heading .elementor-heading-title.elementor-size-medium{font-size:19px}.elementor-widget-heading .elementor-heading-title.elementor-size-large{font-size:29px}.elementor-widget-heading .elementor-heading-title.elementor-size-xl{font-size:39px}.elementor-widget-heading .elementor-heading-title.elementor-size-xxl{font-size:59px}<\/style><\/p>\r\n<!-- \/wp:paragraph -->\r\n\r\n<!-- wp:heading -->\r\n<h2 class=\"wp-block-heading\">\u00a1Bienvenidos al Jard\u00edn Infantil y Sala Maternal<br>Mis Peque\u00f1os Gigantes!<\/h2>\r\n<!-- \/wp:heading -->\r\n\r\n<!-- wp:heading {\"level\":4} -->\r\n<h4 class=\"wp-block-heading\">Donde la magia del aprendizaje cobra vida en cada rinc\u00f3n.<br>Aqu\u00ed, cada jornada se transforma en una odisea emocionante, repleta de descubrimientos y alegr\u00eda.<\/h4>\r\n<!-- \/wp:heading -->\r\n\r\n<!-- wp:paragraph -->\r\n<p>Donde cada d\u00eda es una aventura llena de aprendizaje y diversi\u00f3n. Nos dedicamos a brindar un ambiente c\u00e1lido y seguro donde tus peque\u00f1os gigantes pueden crecer, explorar y desarrollar su potencial al m\u00e1ximo. Con un equipo de profesionales apasionados y programas educativos innovadores, estamos comprometidos a nutrir la curiosidad y la creatividad de cada ni\u00f1o.<\/p>\r\n<!-- \/wp:paragraph -->\r\n\r\n<!-- wp:paragraph -->\r\n<p><style>\/*! elementor - v3.21.0 - 26-05-2024 *\/<br \/>\r\n.elementor-widget-image{text-align:center}.elementor-widget-image a{display:inline-block}.elementor-widget-image a img[src$=\".svg\"]{width:48px}.elementor-widget-image img{vertical-align:middle;display:inline-block}<\/style><\/p>\r\n<!-- \/wp:paragraph -->\r\n\r\n<!-- wp:image -->\r\n<figure class=\"wp-block-image\"><img src=\"https:\/\/mispequenosgigantes.edu.co\/wp-content\/uploads\/2024\/06\/JARDIN-1536x1152.jpg\" alt=\"\"\/><\/figure>\r\n<!-- \/wp:image -->\r\n\r\n<!-- wp:paragraph -->\r\n<p><\/p>\r\n<!-- \/wp:paragraph -->\r\n\r\n<!-- wp:heading -->\r\n<h2 class=\"wp-block-heading\">\u00a1\u00danete a nuestra familia y observa c\u00f3mo tus peque\u00f1os alcanzan grandes alturas en \"Mis Peque\u00f1os Gigantes\"!<\/h2>\r\n<!-- \/wp:heading -->","_et_gb_content_width":"","footnotes":""},"class_list":["post-11","page","type-page","status-publish","hentry"],"_links":{"self":[{"href":"https:\/\/mispequenosgigantes.edu.co\/index.php\/wp-json\/wp\/v2\/pages\/11","targetHints":{"allow":["GET"]}}],"collection":[{"href":"https:\/\/mispequenosgigantes.edu.co\/index.php\/wp-json\/wp\/v2\/pages"}],"about":[{"href":"https:\/\/mispequenosgigantes.edu.co\/index.php\/wp-json\/wp\/v2\/types\/page"}],"author":[{"embeddable":true,"href":"https:\/\/mispequenosgigantes.edu.co\/index.php\/wp-json\/wp\/v2\/users\/1"}],"replies":[{"embeddable":true,"href":"https:\/\/mispequenosgigantes.edu.co\/index.php\/wp-json\/wp\/v2\/comments?post=11"}],"version-history":[{"count":103,"href":"https:\/\/mispequenosgigantes.edu.co\/index.php\/wp-json\/wp\/v2\/pages\/11\/revisions"}],"predecessor-version":[{"id":1962,"href":"https:\/\/mispequenosgigantes.edu.co\/index.php\/wp-json\/wp\/v2\/pages\/11\/revisions\/1962"}],"wp:attachment":[{"href":"https:\/\/mispequenosgigantes.edu.co\/index.php\/wp-json\/wp\/v2\/media?parent=11"}],"curies":[{"name":"wp","href":"https:\/\/api.w.org\/{rel}","templated":true}]}}